{"id":1793,"date":"2023-01-27T09:18:25","date_gmt":"2023-01-27T09:18:25","guid":{"rendered":"https:\/\/risksight.io\/privacy-policy\/"},"modified":"2024-12-22T20:44:49","modified_gmt":"2024-12-22T20:44:49","slug":"privaatsuspoliitika","status":"publish","type":"page","link":"https:\/\/risksight.io\/et\/privaatsuspoliitika\/","title":{"rendered":"Privaatsuspoliitika"},"content":{"rendered":"<div class=\"fusion-fullwidth fullwidth-box fusion-builder-row-1 fusion-flex-container has-pattern-background has-mask-background nonhundred-percent-fullwidth non-hundred-percent-height-scrolling\" style=\"--awb-border-radius-top-left:0px;--awb-border-radius-top-right:0px;--awb-border-radius-bottom-right:0px;--awb-border-radius-bottom-left:0px;--awb-margin-top:90px;--awb-flex-wrap:wrap;\" ><div class=\"fusion-builder-row fusion-row fusion-flex-align-items-flex-start fusion-flex-content-wrap\" style=\"max-width:1248px;margin-left: calc(-4% \/ 2 );margin-right: calc(-4% \/ 2 );\"><div class=\"fusion-layout-column fusion_builder_column fusion-builder-column-0 fusion_builder_column_1_1 1_1 fusion-flex-column\" style=\"--awb-bg-size:cover;--awb-width-large:100%;--awb-margin-top-large:0px;--awb-spacing-right-large:1.92%;--awb-margin-bottom-large:20px;--awb-spacing-left-large:1.92%;--awb-width-medium:100%;--awb-order-medium:0;--awb-spacing-right-medium:1.92%;--awb-spacing-left-medium:1.92%;--awb-width-small:100%;--awb-order-small:0;--awb-spacing-right-small:1.92%;--awb-spacing-left-small:1.92%;\"><div class=\"fusion-column-wrapper fusion-column-has-shadow fusion-flex-justify-content-flex-start fusion-content-layout-column\"><div class=\"fusion-title title fusion-title-1 fusion-sep-none fusion-title-center fusion-title-text fusion-title-size-two\" style=\"--awb-text-color:var(--awb-color4);--awb-font-size:var(--awb-custom_typography_5-font-size);\"><h2 class=\"fusion-title-heading title-heading-center\" style=\"font-family:var(--awb-custom_typography_5-font-family);font-weight:var(--awb-custom_typography_5-font-weight);font-style:var(--awb-custom_typography_5-font-style);margin:0;font-size:1em;letter-spacing:var(--awb-custom_typography_5-letter-spacing);text-transform:var(--awb-custom_typography_5-text-transform);line-height:var(--awb-custom_typography_5-line-height);\"><p style=\"text-align: center;\"><span style=\"color: #56bdec;\">Privaatsuspoliitika<\/span><\/p><\/h2><\/div><div class=\"fusion-separator fusion-full-width-sep\" style=\"align-self: center;margin-left: auto;margin-right: auto;margin-top:10px;margin-bottom:10px;width:100%;\"><\/div><div class=\"fusion-text fusion-text-1\"><p><strong>Viimati uuendatud: 24. juuli 2024<\/strong><\/p>\n<p>See Privaatsuspoliitika kirjeldab Meie p\u00f5him\u00f5tteid ja protseduure Teie teabe kogumise, kasutamise ja avaldamise kohta Teenuse kasutamisel ning annab Teile \u00fclevaate Teie privaatsus\u00f5igustest ja sellest, kuidas seadus Teid kaitseb.<\/p>\n<p>Kasutame Teie Isikuandmeid Teenuse pakkumiseks ja parandamiseks. Teenust kasutades n\u00f5ustute Teie teabe kogumise ja kasutamisega vastavalt k\u00e4esolevale Privaatsuspoliitikale.<\/p>\n<h2>T\u00f5lgendamine ja m\u00f5isted<\/h2>\n<h3>T\u00f5lgendamine<\/h3>\n<p>S\u00f5nad, mille algust\u00e4ht on suurt\u00e4ht, on m\u00e4\u00e4ratletud allj\u00e4rgnevatel tingimustel. J\u00e4rgnevatel m\u00e4\u00e4ratlustel on sama t\u00e4hendus olenemata sellest, kas neid kasutatakse ainsuses v\u00f5i mitmuses.<\/p>\n<h3>M\u00f5isted<\/h3>\n<p>K\u00e4esoleva Privaatsuspoliitika m\u00f5istes:<\/p>\n<ul>\n<li><strong>Konto<\/strong> t\u00e4hendab unikaalset kontot, mis on loodud Teile juurdep\u00e4\u00e4suks meie Teenusele v\u00f5i selle osadele.<\/li>\n<li><strong>Seotud isik<\/strong> t\u00e4hendab \u00fcksust, kes kontrollib, on kontrolli all v\u00f5i on \u00fchise kontrolli all koos osapoolega, kus &#8220;kontroll&#8221; t\u00e4hendab 50% v\u00f5i enama h\u00e4\u00e4le\u00f5iguslike aktsiate, omakapitali v\u00f5i muude juhtorganeid valivate v\u00e4\u00e4rtpaberite omamist.<\/li>\n<li><strong>Ettev\u00f5te<\/strong> (nimetatud kui &#8220;Ettev\u00f5te&#8221;, &#8220;Meie&#8221;, &#8220;Me&#8221; v\u00f5i &#8220;Meie&#8221; k\u00e4esolevas Lepingus) viitab RiskSight O\u00dc-le, Pirni 7\/1, Tallinn 10617.<\/li>\n<li><strong>K\u00fcpsised<\/strong> on v\u00e4ikesed failid, mis paigutatakse Teie arvutisse, mobiilseadmesse v\u00f5i muusse seadmesse veebisaidi kaudu ning sisaldavad muu hulgas Teie sirvimisajaloo \u00fcksikasju.<\/li>\n<li><strong>Riik<\/strong> viitab: Eesti.<\/li>\n<li><strong>Seade<\/strong> t\u00e4hendab mis tahes seadet, mis v\u00f5imaldab Teenusele juurde p\u00e4\u00e4seda, n\u00e4iteks arvuti, mobiiltelefon v\u00f5i digitaalne tahvelarvuti.<\/li>\n<li><strong>Isikuandmed<\/strong> on mis tahes teave, mis viitab tuvastatud v\u00f5i tuvastatavale f\u00fc\u00fcsilisele isikule.<\/li>\n<li><strong>Teenusepakkuja<\/strong> t\u00e4hendab f\u00fc\u00fcsilist v\u00f5i juriidilist isikut, kes t\u00f6\u00f6tleb andmeid Ettev\u00f5tte nimel. See viitab kolmandatele osapooltele, kes aitavad Ettev\u00f5ttel Teenuse pakkumisel, Teenuse osutamisel Ettev\u00f5tte nimel, Teenusega seotud teenuste t\u00e4itmisel v\u00f5i Ettev\u00f5tte abistamisel Teenuse kasutamise anal\u00fc\u00fcsimisel.<\/li>\n<li><strong>Kasutusandmed<\/strong> viitavad automaatselt kogutavatele andmetele, mis genereeritakse Teenuse kasutamisel v\u00f5i Teenuse infrastruktuuri kaudu (n\u00e4iteks lehek\u00fclje k\u00fclastuse kestus).<\/li>\n<li><strong>Veebisait<\/strong> viitab RiskSight&#8217;ile, mis on k\u00e4ttesaadav aadressilt <a href=\"https:\/\/risksight.io\" target=\"_new\" rel=\"noopener\">https:\/\/risksight.io<\/a>.<\/li>\n<li><strong>Teie<\/strong> viitab f\u00fc\u00fcsilisele isikule, kes kasutab Teenust, v\u00f5i juriidilisele isikule v\u00f5i muule \u00f5igussubjektile, kelle nimel selline f\u00fc\u00fcsiline isik Teenusele ligi p\u00e4\u00e4seb v\u00f5i seda kasutab.<\/li>\n<\/ul>\n<h2>Teie isikuandmete kogumine ja kasutamine<\/h2>\n<h3>Kogutavate andmete liigid<\/h3>\n<h4>Isikuandmed<\/h4>\n<p data-pm-slice=\"1 1 &#091;&#093;\">Teenuse kasutamise ajal v\u00f5ime paluda Teil esitada Meile teatud isikut tuvastavat teavet, mida saab kasutada Teiega \u00fchenduse v\u00f5tmiseks v\u00f5i Teie tuvastamiseks. Isikut tuvastav teave v\u00f5ib sisaldada, kuid ei piirdu j\u00e4rgnevaga:<\/p>\n<ul>\n<li>E-postiaadress<\/li>\n<li>Ees- ja perekonnanimi<\/li>\n<li>Aadress, maakond, provints, postiindeks, linn<\/li>\n<li>Kasutusandmed<\/li>\n<\/ul>\n<h4>Kasutusandmed<\/h4>\n<p data-pm-slice=\"1 1 &#091;&#093;\">Kasutusandmed kogutakse automaatselt Teenuse kasutamisel.<\/p>\n<p>Kasutusandmed v\u00f5ivad sisaldada teavet, nagu Teie seadme Interneti-protokolli aadress (nt IP-aadress), brauseri liik, brauseri versioon, meie Teenuse lehed, mida Te k\u00fclastasite, k\u00fclastuse kuup\u00e4ev ja kellaaeg, nendel lehtedel veedetud aeg, unikaalsed seadme tuvastajad ja muud diagnostilised andmed.<\/p>\n<p>Kui Teie p\u00e4\u00e4sete Teenusele ligi mobiilseadme kaudu v\u00f5i selle kaudu, v\u00f5ime koguda automaatselt teatud teavet, sealhulgas, kuid mitte ainult, Teie mobiilseadme t\u00fc\u00fcp, Teie mobiilseadme unikaalne ID, Teie mobiilseadme IP-aadress, Teie mobiilne operatsioonis\u00fcsteem, mobiilse Interneti-brauseri liik ja muud diagnostilised andmed.<\/p>\n<p>V\u00f5ime samuti koguda teavet, mida Teie brauser saadab alati, kui k\u00fclastate meie Teenust v\u00f5i kui p\u00e4\u00e4sete Teenusele ligi mobiilseadme kaudu.<\/p>\n<h4>J\u00e4lgimistehnoloogiad ja k\u00fcpsised<\/h4>\n<p data-pm-slice=\"1 1 &#091;&#093;\">Kasutame k\u00fcpiseid ja sarnaseid j\u00e4lgimistehnoloogiaid, et j\u00e4lgida meie Teenuse tegevust ja salvestada teatud teavet. Kasutatavad j\u00e4lgimistehnoloogiad on majakad, sildid ja skriptid, et koguda ja j\u00e4lgida teavet ning parandada ja anal\u00fc\u00fcsida meie Teenust. Meie kasutatavad tehnoloogiad v\u00f5ivad h\u00f5lmata:<\/p>\n<ul>\n<li><strong>K\u00fcpised v\u00f5i brauserik\u00fcpised.<\/strong> K\u00fcpis on v\u00e4ike fail, mis paigutatakse Teie seadmele. Saate seadistada oma brauseri keelduma k\u00f5ikidest k\u00fcpistest v\u00f5i n\u00e4itama, millal k\u00fcpis saadetakse. Kuid kui Te ei aktsepteeri k\u00fcpiseid, ei pruugi Teil olla v\u00f5imalik kasutada m\u00f5ningaid meie Teenuse osi. Kui Te ei ole seadistanud oma brauserit k\u00fcpistest keelduma, v\u00f5ib meie Teenus kasutada k\u00fcpiseid.<\/li>\n<li><strong>Veebimajakad.<\/strong> Teatud meie Teenuse osad ja meie e-kirjad v\u00f5ivad sisaldada v\u00e4ikesi elektroonilisi faile, mida nimetatakse veebimajakateks (tuntud ka kui selged GIF-id, pikslisildid ja \u00fchepikslilised GIF-id), mis v\u00f5imaldavad Ettev\u00f5ttel, n\u00e4iteks, lugeda kasutajaid, kes on neid lehti k\u00fcllastanud v\u00f5i avanud e-kirja, ning muude seotud veebilehe statistika jaoks (n\u00e4iteks teatud jaotise populaarsuse salvestamine ja s\u00fcsteemi ning serveri terviklikkuse kontrollimine).<\/li>\n<\/ul>\n<p data-pm-slice=\"1 1 &#091;&#093;\">K\u00fcpised v\u00f5ivad olla \u201eP\u00fcsivad\u201c v\u00f5i \u201eSeansik\u00fcpised\u201c. P\u00fcsivad k\u00fcpised j\u00e4\u00e4vad Teie personaalarvutisse v\u00f5i mobiilseadmesse, kui olete v\u00f5rgust v\u00e4ljas, samas kui Seansik\u00fcpised kustutatakse kohe, kui Te sulgete oma veebibrauseri.<\/p>\n<p>Kasutame nii Seansik\u00fcpiseid kui ka P\u00fcsivaid k\u00fcpiseid j\u00e4rgmistel eesm\u00e4rkidel:<\/p>\n<ul>\n<li><strong>H\u00e4davajalikud \/ olulised k\u00fcpised<\/strong>\n<ul data-spread=\"false\">\n<li><strong>T\u00fc\u00fcp:<\/strong> Seansik\u00fcpised<\/li>\n<li><strong>Haldaja:<\/strong> Meie<\/li>\n<li><strong>Eesm\u00e4rk:<\/strong> Need k\u00fcpised on olulised, et pakkuda Teile Veebisaidi kaudu saadavaid teenuseid ja v\u00f5imaldada Teil kasutada m\u00f5nda selle funktsiooni. Need aitavad autentida kasutajaid ja ennetada kasutajakontode petturlikku kasutamist. Ilma nende k\u00fcpisteta ei saa Teile pakkuda Teie poolt soovitud teenuseid ja Me kasutame neid k\u00fcpiseid ainult nende teenuste pakkumiseks.<\/li>\n<\/ul>\n<\/li>\n<li><strong>Funktsionaalsuse k\u00fcpised<\/strong>\n<ul data-spread=\"false\">\n<li><strong>T\u00fc\u00fcp:<\/strong> P\u00fcsivad k\u00fcpised<\/li>\n<li><strong>Haldaja:<\/strong> Meie<\/li>\n<li><strong>Eesm\u00e4rk:<\/strong> Need k\u00fcpised v\u00f5imaldavad meil meelde j\u00e4tta valikuid, mida Teie olete teinud meie veebisaidi kasutamisel, n\u00e4iteks m\u00e4letada Teie sisselogimisandmeid v\u00f5i keele-eelistusi. Nende k\u00fcpsiste eesm\u00e4rk on pakkuda Teile isiklikumat kogemust ja v\u00e4ltida vajadust iga kord uuesti oma eelistusi sisestada, kui kasutate meie veebisaiti.<\/li>\n<\/ul>\n<\/li>\n<\/ul>\n<p>Lisainformatsiooni k\u00fcpsiste, nende kasutamise ja teie valikute osas leiab K\u00fcpsistepoliitikast v\u00f5i K\u00fcpsiste sektsioonist k\u00e4esolevas Privaatsuspoliitikas.<\/p>\n<h3>Teie Isikuandmete Kasutamine<\/h3>\n<p>Ettev\u00f5te v\u00f5ib kasutada Isikuandmeid j\u00e4rgmiste eesm\u00e4rkide t\u00e4itmiseks:<\/p>\n<ul>\n<li><strong>Teenuse pakkumine ja hooldamine<\/strong>, sealhulgas Teenuse kasutamise j\u00e4lgimine.<\/li>\n<li><strong>Teie konto haldamine<\/strong>: Teie registreerimise haldamine Teenuses kasutajana. Teile esitatud Isikuandmed annavad juurdep\u00e4\u00e4su erinevatele Teenuse funktsioonidele, mis on saadaval registreeritud kasutajana.<\/li>\n<li><strong>Lepingu t\u00e4itmine<\/strong>: Ostulepingu t\u00e4itmine, teenuste, toodete v\u00f5i muude lepinguliste teenuste osutamine, mille olete teenusest ostnud v\u00f5i muul viisil s\u00f5lminud.<\/li>\n<li><strong>Teiega \u00fchenduse v\u00f5tmine<\/strong>: Kontaktige Teiega e-posti, telefoni, SMS-i v\u00f5i muu elektronkommunikatsiooni vormide kaudu, n\u00e4iteks mobiilirakenduse teavitustega Teenuse uuendustest v\u00f5i teavet sisaldavatest teadetest, sealhulgas turvauuendustest, kui see on vajalik v\u00f5i m\u00f5istlik.<\/li>\n<li><strong>Teavitamine uudiste, eripakkumiste ja teenuste kohta<\/strong>, samuti teiste kaupade ja teenuste kohta, mida pakume ja mis on sarnased nendele, mida olete juba ostnud v\u00f5i uurinud, v\u00e4lja arvatud juhul, kui olete valinud, et te ei soovi sellist teavet.<\/li>\n<li><strong>Teie p\u00e4ringute haldamine<\/strong>: Teie p\u00e4ringute haldamine ja vastamine.<\/li>\n<li><strong>\u00c4rikorralduste tegemine<\/strong>: Me v\u00f5ime kasutada Teie teavet hindamiseks v\u00f5i teostamiseks \u00fchinemise, jagunemise, restruktureerimise, reorganiseerimise, likvideerimise v\u00f5i muu vara m\u00fc\u00fcgi v\u00f5i \u00fclemineku eesm\u00e4rgil, kus meie teenuse kasutajate Isikuandmed v\u00f5ivad olla osa \u00fcleantavatest varadest.<\/li>\n<li><strong>Muud eesm\u00e4rgid<\/strong>: Me v\u00f5ime kasutada Teie teavet ka andmeanal\u00fc\u00fcsi, kasutuse trendide tuvastamise, meie reklaamikampaaniate efektiivsuse hindamise ning meie Teenuse, toodete, teenuste, turunduse ja teie kogemuse t\u00e4iustamiseks.<\/li>\n<\/ul>\n<p>Me v\u00f5ime jagada Teie isikuandmeid j\u00e4rgmistes olukordades:<\/p>\n<ul>\n<li><strong>Teenusepakkujatega<\/strong>: Jagame Teie isikuandmeid Teenusepakkujatega Teenuse kasutamise j\u00e4lgimiseks ja anal\u00fc\u00fcsimiseks, et Teiega \u00fchendust v\u00f5tta.<\/li>\n<li><strong>\u00c4rikorralduste tegemine<\/strong>: Jagame v\u00f5i edastame Teie isikuandmeid seotud ettev\u00f5tte \u00fchinemise, varade m\u00fc\u00fcgi, rahastamise v\u00f5i ettev\u00f5tte osade \u00fclev\u00f5tmise k\u00e4igus.<\/li>\n<li><strong>Sidusettev\u00f5tetega<\/strong>: Jagame Teie andmeid meie sidusettev\u00f5tetega, kelle puhul n\u00f5uame, et need sidusettev\u00f5tted austaksid seda privaatsuspoliitikat. Sidusettev\u00f5tted sisaldavad meie emaettev\u00f5tteid ja k\u00f5iki muid t\u00fctarettev\u00f5tteid, \u00fchisettev\u00f5tte partnerite v\u00f5i muid ettev\u00f5tteid, mida me kontrollime v\u00f5i millel on meiega \u00fchine kontroll.<\/li>\n<li><strong>\u00c4ripartneritega<\/strong>: Jagame Teie andmeid meie \u00e4ripartneritega, et pakkuda Teie jaoks teatavaid tooteid, teenuseid v\u00f5i kampaaniaid.<\/li>\n<li><strong>Muud kasutajad<\/strong>: Kui jagate isikuandmeid v\u00f5i suhtlete avalikes piirkondades teiste kasutajatega, v\u00f5ivad sellised andmed olla n\u00e4htavad k\u00f5igile kasutajatele ja v\u00f5ivad olla avalikult jagatud.<\/li>\n<li><strong>Teie n\u00f5usolekul<\/strong>: Me v\u00f5ime teie isikuandmeid avalikustada mistahes muul eesm\u00e4rgil, kui Te olete n\u00f5us.<\/li>\n<\/ul>\n<h3>Teie Isikuandmete S\u00e4ilitamine<\/h3>\n<p>Ettev\u00f5te s\u00e4ilitab Teie Isikuandmeid vaid nii kaua, kui see on vajalik selle privaatsuspoliitikas s\u00e4testatud eesm\u00e4rkide t\u00e4itmiseks. Me s\u00e4ilitame ja kasutame Teie Isikuandmeid, et t\u00e4ita meie seaduslikke kohustusi (n\u00e4iteks, kui me oleme kohustatud Teie andmeid s\u00e4ilitama vastavalt kohaldatavatele seadustele), lahendada vaidlusi ja t\u00e4ita meie juriidilisi lepinguid ja poliitikaid.<\/p>\n<p>Ettev\u00f5te s\u00e4ilitab ka kasutusandmeid sisemiste anal\u00fc\u00fcsieesm\u00e4rkide jaoks. Kasutusandmed s\u00e4ilitatakse tavaliselt l\u00fchema aja jooksul, v\u00e4lja arvatud juhul, kui neid andmeid kasutatakse turvalisuse tugevdamiseks v\u00f5i teenuse funktsionaalsuse parendamiseks v\u00f5i kui meil on seaduslik kohustus neid andmeid kauem s\u00e4ilitada.<\/p>\n<h3>Teie Isikuandmete \u00dclekandmine<\/h3>\n<p>Teie teavet, sealhulgas Isikuandmeid, t\u00f6\u00f6deldakse Ettev\u00f5tte tegevuskohtades ja muudes kohtades, kus t\u00f6\u00f6tlemisega seotud osapooled asuvad. See t\u00e4hendab, et need andmed v\u00f5ivad olla \u00fcleviidud ja hoitud arvutites, mis asuvad v\u00e4ljaspool Teie osariiki, provintsi, riiki v\u00f5i muud valitsusasutuse jurisdiktsiooni, kus andmekaitse seadused v\u00f5ivad erineda Teie jurisdiktsioonist.<\/p>\n<p>Teie n\u00f5usolek sellele privaatsuspoliitikale, millele j\u00e4rgneb Teie teabe edastamine, kujutab endast n\u00f5usolekut sellise \u00fclekande jaoks.<\/p>\n<p>Ettev\u00f5te astub k\u00f5ik m\u00f5istlikud sammud, et tagada, et Teie andmeid k\u00e4sitletakse turvaliselt ja vastavalt sellele privaatsuspoliitikale ning et Teie Isikuandmeid ei toimetata organisatsiooni v\u00f5i riiki, v\u00e4lja arvatud juhul, kui andmete turvalisuse ja isikuandmete kaitsmiseks on tagatud piisavad kontrollimeetmed.<\/p>\n<h3>Teie Isikuandmete Kustutamine<\/h3>\n<p>eil on \u00f5igus kustutada v\u00f5i taotleda, et me aitaksime kustutada Teie kohta kogutud Isikuandmed.<\/p>\n<p>Meie teenus v\u00f5ib anda Teile v\u00f5imaluse kustutada teatud teavet oma kohta teenusest.<\/p>\n<p>Teil on \u00f5igus igal ajal v\u00e4rskendada, parandada v\u00f5i kustutada oma teavet, logides sisse oma kontole, kui see on olemas, ja k\u00fclastades konto seadeid, mis v\u00f5imaldavad hallata teie isikuandmeid. Samuti v\u00f5ite meiega \u00fchendust v\u00f5tta, et taotleda ligip\u00e4\u00e4su, parandamist v\u00f5i kustutamist k\u00f5igile isikuandmetele, mida olete meile esitanud.<\/p>\n<p>Pange t\u00e4hele, et meil v\u00f5ib olla \u00f5igus teatavat teavet s\u00e4ilitada, kui meil on juriidiline kohustus v\u00f5i \u00f5iguslik alus seda teha.<\/p>\n<h3>Teie Isikuandmete Avalikustamine<\/h3>\n<h4>\u00c4rikorraldused<\/h4>\n<p>Kui Ettev\u00f5te osaleb \u00fchinemises, omandamises v\u00f5i varade m\u00fc\u00fcgis, v\u00f5ivad Teie Isikuandmed olla \u00fcleviidud. Me teavitame Teid enne Teie Isikuandmete \u00fcleviimist ja uut privaatsuspoliitikat.<\/p>\n<h4>\u00d5igusm\u00f5istmine<\/h4>\n<p>Teatud asjaoludel v\u00f5ib Ettev\u00f5te olla kohustatud avalikustama Teie Isikuandmed, kui seda n\u00f5uab seadus v\u00f5i kehtivad ametiv\u00f5imude (nt kohus v\u00f5i valitsusasutus) \u00f5igustatud n\u00f5uded.<\/p>\n<h4>Muud \u00f5iguslikud alused:<\/h4>\n<p>Ettev\u00f5te v\u00f5ib avalikustada Teie Isikuandmeid heas usus, et:<\/p>\n<ul>\n<li>T\u00e4ita seaduslikku kohustust<\/li>\n<li>Kaitsta Ettev\u00f5tte \u00f5igusi v\u00f5i vara<\/li>\n<li>Ennetada v\u00f5i uurida v\u00f5imalikke rikkumisi teenusega seotud tegevustes<\/li>\n<li>Kaitsta teenuse kasutajate v\u00f5i avalikkuse isikupuutumatust<\/li>\n<li>Kaitsta \u00f5iguslikku vastutust<\/li>\n<\/ul>\n<h3>Teie Isikuandmete Turvalisus<\/h3>\n<p>Teie Isikuandmete turvalisus on meile oluline, kuid pidage meeles, et ei ole \u00fchtegi meetodit, mis oleks 100% turvaline, kui r\u00e4\u00e4gitakse interneti kaudu edastamisest v\u00f5i elektroonilisest andmete salvestamisest. Kuigi me p\u00fc\u00fcame kasutada kaubanduslikult vastuv\u00f5etavaid meetodeid Teie Isikuandmete kaitsmiseks, ei saa me garanteerida nende absoluutset turvalisust.<\/p>\n<h2>Laste Privaatsus<\/h2>\n<p>Meie teenus ei ole m\u00f5eldud alla 13-aastastele lastele. Me ei kogu teadlikult isikutuvastatavaid andmeid alla 13-aastastelt. Kui olete vanem v\u00f5i eestkostja ja teate, et Teie laps on esitanud meile Isikuandmeid, v\u00f5tke meiega \u00fchendust. Kui me saame teada, et oleme kogunud Isikuandmeid alla 13-aastaselt ilma vanema n\u00f5usolekuta, astume samme, et eemaldada need andmed meie serveritest.<\/p>\n<p>Kui me peame toetuma n\u00f5usolekule kui \u00f5igusalusele Teie teabe t\u00f6\u00f6tlemiseks ja Teie riigis on n\u00f5utav vanema n\u00f5usolek, v\u00f5ime me n\u00f5uda Teie vanema n\u00f5usolekut enne, kui kogume ja kasutame seda teavet.<\/p>\n<h2>Lingid Teistele Veebisaitidele<\/h2>\n<p>Meie teenus v\u00f5ib sisaldada linke teistele veebisaitidele, mida me ei opereeri. Kui kl\u00f5psate kolmanda osapoole lingil, suunate teid selle kolmanda osapoole saidile. Me soovitame tungivalt tutvuda iga k\u00fclastatud saidi privaatsuspoliitikaga.<\/p>\n<p>Me ei kontrolli ega vastuta mis tahes kolmanda osapoole veebisaitide sisu, privaatsuspoliitikate v\u00f5i praktikate eest.<\/p>\n<h2>Muudatused K\u00e4esolevas Privaatsuspoliitikas<\/h2>\n<p>Me v\u00f5ime aeg-ajalt uuendada meie Privaatsuspoliitikat. Teavitame Teid muudatustest, postitades uue privaatsuspoliitika sellele lehele.<\/p>\n<p>Me teavitame Teid e-posti ja\/v\u00f5i silmatorkava teadetega meie teenuses, enne kui muudatus j\u00f5ustub ja v\u00e4rskendame &#8220;Viimati uuendatud&#8221; kuup\u00e4eva.<\/p>\n<p>Soovitame tutvuda selle Privaatsuspoliitikaga perioodiliselt, et kontrollida muudatusi. Muudatused on kehtivad, kui need on postitatud sellele lehele.<\/p>\n<h2>V\u00f5tke Meiega \u00dchendust<\/h2>\n<p>Kui teil on k\u00fcsimusi selle Privaatsuspoliitika kohta, v\u00f5tke meiega \u00fchendust:<\/p>\n<ul>\n<li>E-posti teel: <a href=\"mailto:info@risksight.io\">info@risksight.io<\/a><\/li>\n<\/ul>\n<\/div><\/div><\/div><\/div><\/div>\n","protected":false},"excerpt":{"rendered":"","protected":false},"author":2,"featured_media":0,"parent":0,"menu_order":0,"comment_status":"closed","ping_status":"closed","template":"100-width.php","meta":{"footnotes":""},"class_list":["post-1793","page","type-page","status-publish","hentry"],"_links":{"self":[{"href":"https:\/\/risksight.io\/et\/wp-json\/wp\/v2\/pages\/1793","targetHints":{"allow":["GET"]}}],"collection":[{"href":"https:\/\/risksight.io\/et\/wp-json\/wp\/v2\/pages"}],"about":[{"href":"https:\/\/risksight.io\/et\/wp-json\/wp\/v2\/types\/page"}],"author":[{"embeddable":true,"href":"https:\/\/risksight.io\/et\/wp-json\/wp\/v2\/users\/2"}],"replies":[{"embeddable":true,"href":"https:\/\/risksight.io\/et\/wp-json\/wp\/v2\/comments?post=1793"}],"version-history":[{"count":5,"href":"https:\/\/risksight.io\/et\/wp-json\/wp\/v2\/pages\/1793\/revisions"}],"predecessor-version":[{"id":3486,"href":"https:\/\/risksight.io\/et\/wp-json\/wp\/v2\/pages\/1793\/revisions\/3486"}],"wp:attachment":[{"href":"https:\/\/risksight.io\/et\/wp-json\/wp\/v2\/media?parent=1793"}],"curies":[{"name":"wp","href":"https:\/\/api.w.org\/{rel}","templated":true}]}}